{"id":1381,"date":"2025-04-30T18:38:41","date_gmt":"2025-04-30T16:38:41","guid":{"rendered":"https:\/\/dragostebooking.com\/?page_id=1381"},"modified":"2025-04-30T18:51:14","modified_gmt":"2025-04-30T16:51:14","slug":"atractii","status":"publish","type":"page","link":"https:\/\/dragostebooking.com\/en\/atractii\/","title":{"rendered":"Attractions"},"content":{"rendered":"<div data-elementor-type=\"wp-page\" data-elementor-id=\"1381\" class=\"elementor elementor-1381\" data-elementor-post-type=\"page\">\n\t\t\t\t\t\t<section class=\"elementor-section elementor-top-section elementor-element elementor-element-54dd77 elementor-section-boxed elementor-section-height-default elementor-section-height-default\" data-id=\"54dd77\" data-element_type=\"section\" data-e-type=\"section\" data-settings=\"{&quot;background_background&quot;:&quot;classic&quot;}\">\n\t\t\t\t\t\t\t<div class=\"elementor-background-overlay\"><\/div>\n\t\t\t\t\t\t\t<div class=\"elementor-container elementor-column-gap-default\">\n\t\t\t\t\t<div class=\"elementor-column elementor-col-100 elementor-top-column elementor-element elementor-element-42adb233\" data-id=\"42adb233\" data-element_type=\"column\" data-e-type=\"column\">\n\t\t\t<div class=\"elementor-widget-wrap elementor-element-populated\">\n\t\t\t\t\t\t<div class=\"elementor-element elementor-element-3feff252 elementor-widget__width-auto elementor-invisible elementor-widget elementor-widget-heading\" data-id=\"3feff252\" data-element_type=\"widget\" data-e-type=\"widget\" data-settings=\"{&quot;_animation&quot;:&quot;fadeInLeft&quot;}\" data-widget_type=\"heading.default\">\n\t\t\t\t<div class=\"elementor-widget-container\">\n\t\t\t\t\t<h2 class=\"elementor-heading-title elementor-size-default\">Attractions<\/h2>\t\t\t\t<\/div>\n\t\t\t\t<\/div>\n\t\t\t\t\t<\/div>\n\t\t<\/div>\n\t\t\t\t\t<\/div>\n\t\t<\/section>\n\t\t\t\t<section class=\"elementor-section elementor-top-section elementor-element elementor-element-659694e elementor-section-boxed elementor-section-height-default elementor-section-height-default\" data-id=\"659694e\" data-element_type=\"section\" data-e-type=\"section\">\n\t\t\t\t\t\t<div class=\"elementor-container elementor-column-gap-default\">\n\t\t\t\t\t<div class=\"elementor-column elementor-col-50 elementor-top-column elementor-element elementor-element-2b6c9e03\" data-id=\"2b6c9e03\" data-element_type=\"column\" data-e-type=\"column\">\n\t\t\t<div class=\"elementor-widget-wrap elementor-element-populated\">\n\t\t\t\t\t\t<div class=\"elementor-element elementor-element-14e9b354 elementor-invisible elementor-widget elementor-widget-image\" data-id=\"14e9b354\" data-element_type=\"widget\" data-e-type=\"widget\" data-settings=\"{&quot;_animation&quot;:&quot;fadeInUp&quot;}\" data-widget_type=\"image.default\">\n\t\t\t\t<div class=\"elementor-widget-container\">\n\t\t\t\t\t\t\t\t\t\t\t\t\t\t\t<img fetchpriority=\"high\" decoding=\"async\" width=\"1440\" height=\"1440\" src=\"https:\/\/dragostebooking.com\/wp-content\/uploads\/2025\/04\/367304116_1006088390513771_5722325837336218562_n.webp\" class=\"attachment-full size-full wp-image-1383\" alt=\"\" srcset=\"https:\/\/dragostebooking.com\/wp-content\/uploads\/2025\/04\/367304116_1006088390513771_5722325837336218562_n.webp 1440w, https:\/\/dragostebooking.com\/wp-content\/uploads\/2025\/04\/367304116_1006088390513771_5722325837336218562_n-300x300.webp 300w, https:\/\/dragostebooking.com\/wp-content\/uploads\/2025\/04\/367304116_1006088390513771_5722325837336218562_n-1024x1024.webp 1024w, https:\/\/dragostebooking.com\/wp-content\/uploads\/2025\/04\/367304116_1006088390513771_5722325837336218562_n-150x150.webp 150w, https:\/\/dragostebooking.com\/wp-content\/uploads\/2025\/04\/367304116_1006088390513771_5722325837336218562_n-768x768.webp 768w, https:\/\/dragostebooking.com\/wp-content\/uploads\/2025\/04\/367304116_1006088390513771_5722325837336218562_n-12x12.webp 12w\" sizes=\"(max-width: 1440px) 100vw, 1440px\" \/>\t\t\t\t\t\t\t\t\t\t\t\t\t\t\t<\/div>\n\t\t\t\t<\/div>\n\t\t\t\t\t<\/div>\n\t\t<\/div>\n\t\t\t\t<div class=\"elementor-column elementor-col-50 elementor-top-column elementor-element elementor-element-1d933bed\" data-id=\"1d933bed\" data-element_type=\"column\" data-e-type=\"column\">\n\t\t\t<div class=\"elementor-widget-wrap elementor-element-populated\">\n\t\t\t\t\t\t<div class=\"elementor-element elementor-element-7c807ffb elementor-widget elementor-widget-heading\" data-id=\"7c807ffb\" data-element_type=\"widget\" data-e-type=\"widget\" data-widget_type=\"heading.default\">\n\t\t\t\t<div class=\"elementor-widget-container\">\n\t\t\t\t\t<h2 class=\"elementor-heading-title elementor-size-default\">Adventure Lake Tarnita<\/h2>\t\t\t\t<\/div>\n\t\t\t\t<\/div>\n\t\t\t\t<div class=\"elementor-element elementor-element-5cdea9cf elementor-widget elementor-widget-heading\" data-id=\"5cdea9cf\" data-element_type=\"widget\" data-e-type=\"widget\" data-widget_type=\"heading.default\">\n\t\t\t\t<div class=\"elementor-widget-container\">\n\t\t\t\t\t<h2 class=\"elementor-heading-title elementor-size-default\">Exploreaz\u0103 lacul Tarni\u021ba \u00eentr-un mod activ \u0219i distractiv!<\/h2>\t\t\t\t<\/div>\n\t\t\t\t<\/div>\n\t\t\t\t<div class=\"elementor-element elementor-element-193d40d6 elementor-widget elementor-widget-text-editor\" data-id=\"193d40d6\" data-element_type=\"widget\" data-e-type=\"widget\" data-widget_type=\"text-editor.default\">\n\t\t\t\t<div class=\"elementor-widget-container\">\n\t\t\t\t\t\t\t\t\t<p class=\"p1\">Adventure Lake ofer\u0103 \u00eenchirieri de hidrobiciclete, caiace, b\u0103rci, SUP-uri \u0219i canoe \u2013 o alegere excelent\u0103 pentru cei care vor s\u0103 se bucure de natur\u0103 \u0219i mi\u0219care pe ap\u0103.<\/p>\t\t\t\t\t\t\t\t<\/div>\n\t\t\t\t<\/div>\n\t\t\t\t<section class=\"elementor-section elementor-inner-section elementor-element elementor-element-75aea141 elementor-section-boxed elementor-section-height-default elementor-section-height-default\" data-id=\"75aea141\" data-element_type=\"section\" data-e-type=\"section\">\n\t\t\t\t\t\t<div class=\"elementor-container elementor-column-gap-default\">\n\t\t\t\t\t<div class=\"elementor-column elementor-col-50 elementor-inner-column elementor-element elementor-element-38db1f0b\" data-id=\"38db1f0b\" data-element_type=\"column\" data-e-type=\"column\">\n\t\t\t<div class=\"elementor-widget-wrap elementor-element-populated\">\n\t\t\t\t\t\t<div class=\"elementor-element elementor-element-4de2f04c elementor-widget elementor-widget-text-editor\" data-id=\"4de2f04c\" data-element_type=\"widget\" data-e-type=\"widget\" data-widget_type=\"text-editor.default\">\n\t\t\t\t<div class=\"elementor-widget-container\">\n\t\t\t\t\t\t\t\t\t<p class=\"p1\">Serviciile sunt disponibile direct pe malul lacului, cu echipamente moderne \u0219i condi\u021bii sigure pentru toate v\u00e2rstele. O activitate ideal\u0103 pentru o zi de var\u0103 relaxant\u0103 sau plin\u0103 de adrenalin\u0103, al\u0103turi de prieteni sau familie.<\/p>\t\t\t\t\t\t\t\t<\/div>\n\t\t\t\t<\/div>\n\t\t\t\t<div class=\"elementor-element elementor-element-f5c7de2 elementor-icon-list--layout-inline elementor-list-item-link-full_width elementor-widget elementor-widget-icon-list\" data-id=\"f5c7de2\" data-element_type=\"widget\" data-e-type=\"widget\" data-widget_type=\"icon-list.default\">\n\t\t\t\t<div class=\"elementor-widget-container\">\n\t\t\t\t\t\t\t<ul class=\"elementor-icon-list-items elementor-inline-items\">\n\t\t\t\t\t\t\t<li class=\"elementor-icon-list-item elementor-inline-item\">\n\t\t\t\t\t\t\t\t\t\t\t<a href=\"https:\/\/www.instagram.com\/adventurelaketarnita\/\" target=\"_blank\" rel=\"noopener\">\n\n\t\t\t\t\t\t\t\t\t\t\t\t<span class=\"elementor-icon-list-icon\">\n\t\t\t\t\t\t\t<svg aria-hidden=\"true\" class=\"e-font-icon-svg e-fab-instagram\" viewbox=\"0 0 448 512\" xmlns=\"http:\/\/www.w3.org\/2000\/svg\"><path d=\"M224.1 141c-63.6 0-114.9 51.3-114.9 114.9s51.3 114.9 114.9 114.9S339 319.5 339 255.9 287.7 141 224.1 141zm0 189.6c-41.1 0-74.7-33.5-74.7-74.7s33.5-74.7 74.7-74.7 74.7 33.5 74.7 74.7-33.6 74.7-74.7 74.7zm146.4-194.3c0 14.9-12 26.8-26.8 26.8-14.9 0-26.8-12-26.8-26.8s12-26.8 26.8-26.8 26.8 12 26.8 26.8zm76.1 27.2c-1.7-35.9-9.9-67.7-36.2-93.9-26.2-26.2-58-34.4-93.9-36.2-37-2.1-147.9-2.1-184.9 0-35.8 1.7-67.6 9.9-93.9 36.1s-34.4 58-36.2 93.9c-2.1 37-2.1 147.9 0 184.9 1.7 35.9 9.9 67.7 36.2 93.9s58 34.4 93.9 36.2c37 2.1 147.9 2.1 184.9 0 35.9-1.7 67.7-9.9 93.9-36.2 26.2-26.2 34.4-58 36.2-93.9 2.1-37 2.1-147.8 0-184.8zM398.8 388c-7.8 19.6-22.9 34.7-42.6 42.6-29.5 11.7-99.5 9-132.1 9s-102.7 2.6-132.1-9c-19.6-7.8-34.7-22.9-42.6-42.6-11.7-29.5-9-99.5-9-132.1s-2.6-102.7 9-132.1c7.8-19.6 22.9-34.7 42.6-42.6 29.5-11.7 99.5-9 132.1-9s102.7-2.6 132.1 9c19.6 7.8 34.7 22.9 42.6 42.6 11.7 29.5 9 99.5 9 132.1s2.7 102.7-9 132.1z\"><\/path><\/svg>\t\t\t\t\t\t<\/span>\n\t\t\t\t\t\t\t\t\t\t<span class=\"elementor-icon-list-text\"><\/span>\n\t\t\t\t\t\t\t\t\t\t\t<\/a>\n\t\t\t\t\t\t\t\t\t<\/li>\n\t\t\t\t\t\t\t\t<li class=\"elementor-icon-list-item elementor-inline-item\">\n\t\t\t\t\t\t\t\t\t\t\t<a href=\"https:\/\/www.google.com\/maps\/place\/P7FW%2BVM+Adventure+Lake+Tarnita,+Some%C8%99u+Cald\/data=!4m2!3m1!1s0x47491d67f2a06d99:0x5e3a027fe3eac5b6?utm_source=mstt_1&#038;entry=gps&#038;lucs=47068615,,47068303&#038;coh=179582&#038;g_ep=CAESCTExLjg2LjQwMBgAIIgnKhI0NzA2ODYxNSwsNDcwNjgzMDNCAlJP\" target=\"_blank\" rel=\"noopener\">\n\n\t\t\t\t\t\t\t\t\t\t\t\t<span class=\"elementor-icon-list-icon\">\n\t\t\t\t\t\t\t<i aria-hidden=\"true\" class=\"ti-map-alt\"><\/i>\t\t\t\t\t\t<\/span>\n\t\t\t\t\t\t\t\t\t\t<span class=\"elementor-icon-list-text\"><\/span>\n\t\t\t\t\t\t\t\t\t\t\t<\/a>\n\t\t\t\t\t\t\t\t\t<\/li>\n\t\t\t\t\t\t\t\t<li class=\"elementor-icon-list-item elementor-inline-item\">\n\t\t\t\t\t\t\t\t\t\t\t<a href=\"tel:0740%20275%20071\" target=\"_blank\">\n\n\t\t\t\t\t\t\t\t\t\t\t\t<span class=\"elementor-icon-list-icon\">\n\t\t\t\t\t\t\t<i aria-hidden=\"true\" class=\"lnr lnr-smartphone\"><\/i>\t\t\t\t\t\t<\/span>\n\t\t\t\t\t\t\t\t\t\t<span class=\"elementor-icon-list-text\"><\/span>\n\t\t\t\t\t\t\t\t\t\t\t<\/a>\n\t\t\t\t\t\t\t\t\t<\/li>\n\t\t\t\t\t\t<\/ul>\n\t\t\t\t\t\t<\/div>\n\t\t\t\t<\/div>\n\t\t\t\t\t<\/div>\n\t\t<\/div>\n\t\t\t\t<div class=\"elementor-column elementor-col-50 elementor-inner-column elementor-element elementor-element-1dfde477\" data-id=\"1dfde477\" data-element_type=\"column\" data-e-type=\"column\">\n\t\t\t<div class=\"elementor-widget-wrap elementor-element-populated\">\n\t\t\t\t\t\t<div class=\"elementor-element elementor-element-20c34fb0 elementor-invisible elementor-widget elementor-widget-image\" data-id=\"20c34fb0\" data-element_type=\"widget\" data-e-type=\"widget\" data-settings=\"{&quot;_animation&quot;:&quot;fadeInRight&quot;}\" data-widget_type=\"image.default\">\n\t\t\t\t<div class=\"elementor-widget-container\">\n\t\t\t\t\t\t\t\t\t\t\t\t\t\t\t<img decoding=\"async\" width=\"1440\" height=\"1120\" src=\"https:\/\/dragostebooking.com\/wp-content\/uploads\/2025\/04\/468842731_1684759418748172_7578490392960903586_n.webp\" class=\"attachment-full size-full wp-image-1384\" alt=\"\" srcset=\"https:\/\/dragostebooking.com\/wp-content\/uploads\/2025\/04\/468842731_1684759418748172_7578490392960903586_n.webp 1440w, https:\/\/dragostebooking.com\/wp-content\/uploads\/2025\/04\/468842731_1684759418748172_7578490392960903586_n-300x233.webp 300w, https:\/\/dragostebooking.com\/wp-content\/uploads\/2025\/04\/468842731_1684759418748172_7578490392960903586_n-1024x796.webp 1024w, https:\/\/dragostebooking.com\/wp-content\/uploads\/2025\/04\/468842731_1684759418748172_7578490392960903586_n-768x597.webp 768w, https:\/\/dragostebooking.com\/wp-content\/uploads\/2025\/04\/468842731_1684759418748172_7578490392960903586_n-15x12.webp 15w\" sizes=\"(max-width: 1440px) 100vw, 1440px\" \/>\t\t\t\t\t\t\t\t\t\t\t\t\t\t\t<\/div>\n\t\t\t\t<\/div>\n\t\t\t\t\t<\/div>\n\t\t<\/div>\n\t\t\t\t\t<\/div>\n\t\t<\/section>\n\t\t\t\t\t<\/div>\n\t\t<\/div>\n\t\t\t\t\t<\/div>\n\t\t<\/section>\n\t\t\t\t<\/div>","protected":false},"excerpt":{"rendered":"<p>Atrac\u021bii Adventure Lake Tarnita Exploreaz\u0103 lacul Tarni\u021ba \u00eentr-un mod activ \u0219i distractiv! Adventure Lake ofer\u0103 \u00eenchirieri de hidrobiciclete, caiace, b\u0103rci, SUP-uri \u0219i canoe \u2013 o alegere excelent\u0103 pentru cei care vor s\u0103 se bucure de natur\u0103 \u0219i mi\u0219care pe ap\u0103. Serviciile sunt disponibile direct pe malul lacului, cu echipamente moderne \u0219i condi\u021bii sigure pentru toate [&hellip;]<\/p>\n","protected":false},"author":1,"featured_media":0,"parent":0,"menu_order":0,"comment_status":"closed","ping_status":"closed","template":"elementor_header_footer","meta":{"footnotes":""},"class_list":["post-1381","page","type-page","status-publish","hentry"],"_links":{"self":[{"href":"https:\/\/dragostebooking.com\/en\/wp-json\/wp\/v2\/pages\/1381","targetHints":{"allow":["GET"]}}],"collection":[{"href":"https:\/\/dragostebooking.com\/en\/wp-json\/wp\/v2\/pages"}],"about":[{"href":"https:\/\/dragostebooking.com\/en\/wp-json\/wp\/v2\/types\/page"}],"author":[{"embeddable":true,"href":"https:\/\/dragostebooking.com\/en\/wp-json\/wp\/v2\/users\/1"}],"replies":[{"embeddable":true,"href":"https:\/\/dragostebooking.com\/en\/wp-json\/wp\/v2\/comments?post=1381"}],"version-history":[{"count":14,"href":"https:\/\/dragostebooking.com\/en\/wp-json\/wp\/v2\/pages\/1381\/revisions"}],"predecessor-version":[{"id":1400,"href":"https:\/\/dragostebooking.com\/en\/wp-json\/wp\/v2\/pages\/1381\/revisions\/1400"}],"wp:attachment":[{"href":"https:\/\/dragostebooking.com\/en\/wp-json\/wp\/v2\/media?parent=1381"}],"curies":[{"name":"wp","href":"https:\/\/api.w.org\/{rel}","templated":true}]}}