{"id":1401,"date":"2025-06-02T19:37:47","date_gmt":"2025-06-02T17:37:47","guid":{"rendered":"https:\/\/dragostebooking.com\/?page_id=1401"},"modified":"2025-06-02T20:27:59","modified_gmt":"2025-06-02T18:27:59","slug":"zona-spa","status":"publish","type":"page","link":"https:\/\/dragostebooking.com\/en\/zona-spa\/","title":{"rendered":"Zona SPA"},"content":{"rendered":"<div data-elementor-type=\"wp-page\" data-elementor-id=\"1401\" class=\"elementor elementor-1401\" data-elementor-post-type=\"page\">\n\t\t\t\t\t\t<section class=\"elementor-section elementor-top-section elementor-element elementor-element-3ffcb94 elementor-section-boxed elementor-section-height-default elementor-section-height-default\" data-id=\"3ffcb94\" data-element_type=\"section\" data-e-type=\"section\" data-settings=\"{&quot;background_background&quot;:&quot;classic&quot;}\">\n\t\t\t\t\t\t\t<div class=\"elementor-background-overlay\"><\/div>\n\t\t\t\t\t\t\t<div class=\"elementor-container elementor-column-gap-default\">\n\t\t\t\t\t<div class=\"elementor-column elementor-col-100 elementor-top-column elementor-element elementor-element-27ad4c25\" data-id=\"27ad4c25\" data-element_type=\"column\" data-e-type=\"column\">\n\t\t\t<div class=\"elementor-widget-wrap elementor-element-populated\">\n\t\t\t\t\t\t<div class=\"elementor-element elementor-element-665d2a7a elementor-widget__width-auto elementor-invisible elementor-widget elementor-widget-heading\" data-id=\"665d2a7a\" data-element_type=\"widget\" data-e-type=\"widget\" data-settings=\"{&quot;_animation&quot;:&quot;fadeInLeft&quot;}\" data-widget_type=\"heading.default\">\n\t\t\t\t<div class=\"elementor-widget-container\">\n\t\t\t\t\t<h2 class=\"elementor-heading-title elementor-size-default\">Zona SPA<\/h2>\t\t\t\t<\/div>\n\t\t\t\t<\/div>\n\t\t\t\t\t<\/div>\n\t\t<\/div>\n\t\t\t\t\t<\/div>\n\t\t<\/section>\n\t\t\t\t<section class=\"elementor-section elementor-top-section elementor-element elementor-element-6682727f elementor-reverse-mobile elementor-section-boxed elementor-section-height-default elementor-section-height-default\" data-id=\"6682727f\" data-element_type=\"section\" data-e-type=\"section\" data-settings=\"{&quot;background_background&quot;:&quot;gradient&quot;}\">\n\t\t\t\t\t\t<div class=\"elementor-container elementor-column-gap-default\">\n\t\t\t\t\t<div class=\"elementor-column elementor-col-50 elementor-top-column elementor-element elementor-element-47a1690b\" data-id=\"47a1690b\" data-element_type=\"column\" data-e-type=\"column\">\n\t\t\t<div class=\"elementor-widget-wrap elementor-element-populated\">\n\t\t\t\t\t\t<div class=\"elementor-element elementor-element-17d19fec elementor-widget__width-initial elementor-absolute elementor-invisible elementor-widget elementor-widget-image\" data-id=\"17d19fec\" data-element_type=\"widget\" data-e-type=\"widget\" data-settings=\"{&quot;_position&quot;:&quot;absolute&quot;,&quot;_animation&quot;:&quot;slideInUp&quot;}\" data-widget_type=\"image.default\">\n\t\t\t\t<div class=\"elementor-widget-container\">\n\t\t\t\t\t\t\t\t\t\t\t\t\t\t\t<img fetchpriority=\"high\" decoding=\"async\" width=\"2560\" height=\"1707\" src=\"https:\/\/dragostebooking.com\/wp-content\/uploads\/2025\/06\/DSC06945-scaled.webp\" class=\"attachment-full size-full wp-image-1409\" alt=\"\" srcset=\"https:\/\/dragostebooking.com\/wp-content\/uploads\/2025\/06\/DSC06945-scaled.webp 2560w, https:\/\/dragostebooking.com\/wp-content\/uploads\/2025\/06\/DSC06945-300x200.webp 300w, https:\/\/dragostebooking.com\/wp-content\/uploads\/2025\/06\/DSC06945-1024x683.webp 1024w, https:\/\/dragostebooking.com\/wp-content\/uploads\/2025\/06\/DSC06945-768x512.webp 768w, https:\/\/dragostebooking.com\/wp-content\/uploads\/2025\/06\/DSC06945-1536x1024.webp 1536w, https:\/\/dragostebooking.com\/wp-content\/uploads\/2025\/06\/DSC06945-2048x1365.webp 2048w, https:\/\/dragostebooking.com\/wp-content\/uploads\/2025\/06\/DSC06945-18x12.webp 18w\" sizes=\"(max-width: 2560px) 100vw, 2560px\" \/>\t\t\t\t\t\t\t\t\t\t\t\t\t\t\t<\/div>\n\t\t\t\t<\/div>\n\t\t\t\t<div class=\"elementor-element elementor-element-778ed032 elementor-widget elementor-widget-image\" data-id=\"778ed032\" data-element_type=\"widget\" data-e-type=\"widget\" data-widget_type=\"image.default\">\n\t\t\t\t<div class=\"elementor-widget-container\">\n\t\t\t\t\t\t\t\t\t\t\t\t\t\t\t<img decoding=\"async\" width=\"2560\" height=\"1702\" src=\"https:\/\/dragostebooking.com\/wp-content\/uploads\/2025\/06\/DSC06466-webp-scaled.webp\" class=\"attachment-full size-full wp-image-1407\" alt=\"\" srcset=\"https:\/\/dragostebooking.com\/wp-content\/uploads\/2025\/06\/DSC06466-webp-scaled.webp 2560w, https:\/\/dragostebooking.com\/wp-content\/uploads\/2025\/06\/DSC06466-webp-300x199.webp 300w, https:\/\/dragostebooking.com\/wp-content\/uploads\/2025\/06\/DSC06466-webp-1024x681.webp 1024w, https:\/\/dragostebooking.com\/wp-content\/uploads\/2025\/06\/DSC06466-webp-768x511.webp 768w, https:\/\/dragostebooking.com\/wp-content\/uploads\/2025\/06\/DSC06466-webp-1536x1021.webp 1536w, https:\/\/dragostebooking.com\/wp-content\/uploads\/2025\/06\/DSC06466-webp-2048x1362.webp 2048w, https:\/\/dragostebooking.com\/wp-content\/uploads\/2025\/06\/DSC06466-webp-18x12.webp 18w\" sizes=\"(max-width: 2560px) 100vw, 2560px\" \/>\t\t\t\t\t\t\t\t\t\t\t\t\t\t\t<\/div>\n\t\t\t\t<\/div>\n\t\t\t\t\t<\/div>\n\t\t<\/div>\n\t\t\t\t<div class=\"elementor-column elementor-col-50 elementor-top-column elementor-element elementor-element-343cdc\" data-id=\"343cdc\" data-element_type=\"column\" data-e-type=\"column\">\n\t\t\t<div class=\"elementor-widget-wrap elementor-element-populated\">\n\t\t\t\t\t\t<div class=\"elementor-element elementor-element-42818bfb elementor-widget elementor-widget-heading\" data-id=\"42818bfb\" data-element_type=\"widget\" data-e-type=\"widget\" data-widget_type=\"heading.default\">\n\t\t\t\t<div class=\"elementor-widget-container\">\n\t\t\t\t\t<h2 class=\"elementor-heading-title elementor-size-default\">DESCOPER\u0102 ZONA SPA\u200b<\/h2>\t\t\t\t<\/div>\n\t\t\t\t<\/div>\n\t\t\t\t<div class=\"elementor-element elementor-element-1835080 elementor-widget elementor-widget-heading\" data-id=\"1835080\" data-element_type=\"widget\" data-e-type=\"widget\" data-widget_type=\"heading.default\">\n\t\t\t\t<div class=\"elementor-widget-container\">\n\t\t\t\t\t<h2 class=\"elementor-heading-title elementor-size-default\">Oaz\u0103 de Relaxare la Cabanele Noastre\u200b<\/h2>\t\t\t\t<\/div>\n\t\t\t\t<\/div>\n\t\t\t\t<div class=\"elementor-element elementor-element-512b941c elementor-drop-cap-yes elementor-drop-cap-view-default elementor-widget elementor-widget-text-editor\" data-id=\"512b941c\" data-element_type=\"widget\" data-e-type=\"widget\" data-settings=\"{&quot;drop_cap&quot;:&quot;yes&quot;}\" data-widget_type=\"text-editor.default\">\n\t\t\t\t<div class=\"elementor-widget-container\">\n\t\t\t\t\t\t\t\t\t<p class=\"p1\">Fie c\u0103 vrei o pauz\u0103 de la agita\u021bia ora\u0219ului sau un weekend de lini\u0219te, cabanele noastre te a\u0219teapt\u0103 cu aer curat \u0219i momente de r\u0103sf\u0103\u021b. Am preg\u0103tit pentru tine un cadru intim, unde te po\u021bi bucura de ap\u0103 cald\u0103, priveli\u0219ti lini\u0219titoare \u0219i gust\u0103ri delicioase din rulota noastr\u0103. Fiecare col\u021b este g\u00e2ndit pentru confort \u0219i simplitate. Aici nu ai nevoie de prea mult ca s\u0103 te sim\u021bi bine. Doar tu, natura \u0219i un strop de relaxare.<\/p>\t\t\t\t\t\t\t\t<\/div>\n\t\t\t\t<\/div>\n\t\t\t\t\t<\/div>\n\t\t<\/div>\n\t\t\t\t\t<\/div>\n\t\t<\/section>\n\t\t\t\t<section class=\"elementor-section elementor-top-section elementor-element elementor-element-8e79133 elementor-reverse-mobile elementor-section-boxed elementor-section-height-default elementor-section-height-default\" data-id=\"8e79133\" data-element_type=\"section\" data-e-type=\"section\" data-settings=\"{&quot;background_background&quot;:&quot;gradient&quot;}\">\n\t\t\t\t\t\t<div class=\"elementor-container elementor-column-gap-default\">\n\t\t\t\t\t<div class=\"elementor-column elementor-col-50 elementor-top-column elementor-element elementor-element-026a5ad\" data-id=\"026a5ad\" data-element_type=\"column\" data-e-type=\"column\" data-settings=\"{&quot;background_background&quot;:&quot;classic&quot;}\">\n\t\t\t<div class=\"elementor-widget-wrap elementor-element-populated\">\n\t\t\t\t\t\t<div class=\"elementor-element elementor-element-7e65a46 elementor-widget elementor-widget-heading\" data-id=\"7e65a46\" data-element_type=\"widget\" data-e-type=\"widget\" data-widget_type=\"heading.default\">\n\t\t\t\t<div class=\"elementor-widget-container\">\n\t\t\t\t\t<h2 class=\"elementor-heading-title elementor-size-default\">rulot\u0103 m\u00e2ncare<\/h2>\t\t\t\t<\/div>\n\t\t\t\t<\/div>\n\t\t\t\t<div class=\"elementor-element elementor-element-d55d095 elementor-widget elementor-widget-elementskit-heading\" data-id=\"d55d095\" data-element_type=\"widget\" data-e-type=\"widget\" data-widget_type=\"elementskit-heading.default\">\n\t\t\t\t<div class=\"elementor-widget-container\">\n\t\t\t\t\t<div class=\"ekit-wid-con\" ><div class=\"ekit-heading elementskit-section-title-wraper text_left   ekit_heading_tablet-   ekit_heading_mobile-\"><h2 class=\"ekit-heading--title elementskit-section-title\">Gust\u0103ri Delicioase, Servite cu Vibe de Vacan\u021b\u0103<\/h2><div class=\"ekit_heading_separetor_wraper ekit_heading_elementskit-border-divider ekit-dotted\"><div class=\"elementskit-border-divider ekit-dotted\"><\/div><\/div>\t\t\t\t<div class='ekit-heading__description'>\n\t\t\t\t\t<p class=\"p1\">Rulota noastr\u0103 cochet\u0103 te a\u0219teapt\u0103 cu gust\u0103ri calde, b\u0103uturi r\u0103coritoare \u0219i o atmosfer\u0103 prietenoas\u0103. Fie c\u0103 vii dup\u0103 o baie \u00een jacuzzi sau o tur\u0103 de ping pong, aici g\u0103se\u0219ti exact ce \u00ee\u021bi trebuie pentru a continua relaxarea. Ne-am inspirat din gusturile simple \u0219i bune \u2013 preparate pe loc, cu ingrediente proaspete. Ia-\u021bi un burger \u0219i bucur\u0103-te de peisaj. E pauza gustoas\u0103 dintre dou\u0103 momente de relaxare.<\/p>\n\t\t\t\t<\/div>\n\t\t\t<\/div><\/div>\t\t\t\t<\/div>\n\t\t\t\t<\/div>\n\t\t\t\t\t<\/div>\n\t\t<\/div>\n\t\t\t\t<div class=\"elementor-column elementor-col-50 elementor-top-column elementor-element elementor-element-7a01d0d\" data-id=\"7a01d0d\" data-element_type=\"column\" data-e-type=\"column\">\n\t\t\t<div class=\"elementor-widget-wrap elementor-element-populated\">\n\t\t\t\t\t\t<div class=\"elementor-element elementor-element-584b8d5 elementor-widget__width-initial elementor-absolute elementor-widget elementor-widget-spacer\" data-id=\"584b8d5\" data-element_type=\"widget\" data-e-type=\"widget\" data-settings=\"{&quot;_position&quot;:&quot;absolute&quot;}\" data-widget_type=\"spacer.default\">\n\t\t\t\t<div class=\"elementor-widget-container\">\n\t\t\t\t\t\t\t<div class=\"elementor-spacer\">\n\t\t\t<div class=\"elementor-spacer-inner\"><\/div>\n\t\t<\/div>\n\t\t\t\t\t\t<\/div>\n\t\t\t\t<\/div>\n\t\t\t\t<div class=\"elementor-element elementor-element-4c9b273 elementor-widget__width-initial elementor-invisible elementor-widget elementor-widget-image\" data-id=\"4c9b273\" data-element_type=\"widget\" data-e-type=\"widget\" data-settings=\"{&quot;_animation&quot;:&quot;slideInUp&quot;}\" data-widget_type=\"image.default\">\n\t\t\t\t<div class=\"elementor-widget-container\">\n\t\t\t\t\t\t\t\t\t\t\t\t\t\t\t<img decoding=\"async\" width=\"1702\" height=\"2560\" src=\"https:\/\/dragostebooking.com\/wp-content\/uploads\/2025\/06\/DSC07051-webp-scaled.webp\" class=\"attachment-full size-full wp-image-1408\" alt=\"\" srcset=\"https:\/\/dragostebooking.com\/wp-content\/uploads\/2025\/06\/DSC07051-webp-scaled.webp 1702w, https:\/\/dragostebooking.com\/wp-content\/uploads\/2025\/06\/DSC07051-webp-199x300.webp 199w, https:\/\/dragostebooking.com\/wp-content\/uploads\/2025\/06\/DSC07051-webp-681x1024.webp 681w, https:\/\/dragostebooking.com\/wp-content\/uploads\/2025\/06\/DSC07051-webp-768x1155.webp 768w, https:\/\/dragostebooking.com\/wp-content\/uploads\/2025\/06\/DSC07051-webp-1021x1536.webp 1021w, https:\/\/dragostebooking.com\/wp-content\/uploads\/2025\/06\/DSC07051-webp-1362x2048.webp 1362w, https:\/\/dragostebooking.com\/wp-content\/uploads\/2025\/06\/DSC07051-webp-8x12.webp 8w\" sizes=\"(max-width: 1702px) 100vw, 1702px\" \/>\t\t\t\t\t\t\t\t\t\t\t\t\t\t\t<\/div>\n\t\t\t\t<\/div>\n\t\t\t\t\t<\/div>\n\t\t<\/div>\n\t\t\t\t\t<\/div>\n\t\t<\/section>\n\t\t\t\t<section class=\"elementor-section elementor-top-section elementor-element elementor-element-cdb05a8 elementor-section-boxed elementor-section-height-default elementor-section-height-default\" data-id=\"cdb05a8\" data-element_type=\"section\" data-e-type=\"section\" data-settings=\"{&quot;background_background&quot;:&quot;gradient&quot;}\">\n\t\t\t\t\t\t<div class=\"elementor-container elementor-column-gap-default\">\n\t\t\t\t\t<div class=\"elementor-column elementor-col-50 elementor-top-column elementor-element elementor-element-9628327\" data-id=\"9628327\" data-element_type=\"column\" data-e-type=\"column\">\n\t\t\t<div class=\"elementor-widget-wrap elementor-element-populated\">\n\t\t\t\t\t\t<div class=\"elementor-element elementor-element-d7b59f1 elementor-widget__width-initial elementor-absolute elementor-widget elementor-widget-spacer\" data-id=\"d7b59f1\" data-element_type=\"widget\" data-e-type=\"widget\" data-settings=\"{&quot;_position&quot;:&quot;absolute&quot;}\" data-widget_type=\"spacer.default\">\n\t\t\t\t<div class=\"elementor-widget-container\">\n\t\t\t\t\t\t\t<div class=\"elementor-spacer\">\n\t\t\t<div class=\"elementor-spacer-inner\"><\/div>\n\t\t<\/div>\n\t\t\t\t\t\t<\/div>\n\t\t\t\t<\/div>\n\t\t\t\t<div class=\"elementor-element elementor-element-e517194 elementor-widget__width-initial elementor-invisible elementor-widget elementor-widget-image\" data-id=\"e517194\" data-element_type=\"widget\" data-e-type=\"widget\" data-settings=\"{&quot;_animation&quot;:&quot;slideInUp&quot;}\" data-widget_type=\"image.default\">\n\t\t\t\t<div class=\"elementor-widget-container\">\n\t\t\t\t\t\t\t\t\t\t\t\t\t\t\t<img loading=\"lazy\" decoding=\"async\" width=\"1707\" height=\"2560\" src=\"https:\/\/dragostebooking.com\/wp-content\/uploads\/2025\/06\/DSC06733-webp-1-scaled.webp\" class=\"attachment-full size-full wp-image-1414\" alt=\"\" srcset=\"https:\/\/dragostebooking.com\/wp-content\/uploads\/2025\/06\/DSC06733-webp-1-scaled.webp 1707w, https:\/\/dragostebooking.com\/wp-content\/uploads\/2025\/06\/DSC06733-webp-1-200x300.webp 200w, https:\/\/dragostebooking.com\/wp-content\/uploads\/2025\/06\/DSC06733-webp-1-683x1024.webp 683w, https:\/\/dragostebooking.com\/wp-content\/uploads\/2025\/06\/DSC06733-webp-1-768x1152.webp 768w\" sizes=\"(max-width: 1707px) 100vw, 1707px\" \/>\t\t\t\t\t\t\t\t\t\t\t\t\t\t\t<\/div>\n\t\t\t\t<\/div>\n\t\t\t\t\t<\/div>\n\t\t<\/div>\n\t\t\t\t<div class=\"elementor-column elementor-col-50 elementor-top-column elementor-element elementor-element-7cc53c9\" data-id=\"7cc53c9\" data-element_type=\"column\" data-e-type=\"column\" data-settings=\"{&quot;background_background&quot;:&quot;classic&quot;}\">\n\t\t\t<div class=\"elementor-widget-wrap elementor-element-populated\">\n\t\t\t\t\t\t<div class=\"elementor-element elementor-element-01fd313 elementor-widget elementor-widget-heading\" data-id=\"01fd313\" data-element_type=\"widget\" data-e-type=\"widget\" data-widget_type=\"heading.default\">\n\t\t\t\t<div class=\"elementor-widget-container\">\n\t\t\t\t\t<h2 class=\"elementor-heading-title elementor-size-default\">camera ping-pong<\/h2>\t\t\t\t<\/div>\n\t\t\t\t<\/div>\n\t\t\t\t<div class=\"elementor-element elementor-element-33a7629 elementor-widget elementor-widget-elementskit-heading\" data-id=\"33a7629\" data-element_type=\"widget\" data-e-type=\"widget\" data-widget_type=\"elementskit-heading.default\">\n\t\t\t\t<div class=\"elementor-widget-container\">\n\t\t\t\t\t<div class=\"ekit-wid-con\" ><div class=\"ekit-heading elementskit-section-title-wraper text_left   ekit_heading_tablet-   ekit_heading_mobile-\"><h2 class=\"ekit-heading--title elementskit-section-title\">Spa\u021biu de Distrac\u021bie \u0219i Energie<\/h2><div class=\"ekit_heading_separetor_wraper ekit_heading_elementskit-border-divider ekit-dotted\"><div class=\"elementskit-border-divider ekit-dotted\"><\/div><\/div>\t\t\t\t<div class='ekit-heading__description'>\n\t\t\t\t\t<p class=\"p1\">Camera noastr\u0103 de ping pong este locul perfect pentru mi\u0219care, voie bun\u0103 \u0219i un strop de competi\u021bie prietenoas\u0103. Indiferent de vreme, aici po\u021bi petrece timp activ al\u0103turi de prieteni sau familie. Masa este preg\u0103tit\u0103, paletele te a\u0219teapt\u0103 \u2013 tot ce lipse\u0219te e provocarea ta! E locul ideal pentru a combina relaxarea cu pu\u021bin\u0103 adrenalin\u0103. La cabana noastr\u0103, distrac\u021bia nu se termin\u0103 niciodat\u0103.<\/p>\n\t\t\t\t<\/div>\n\t\t\t<\/div><\/div>\t\t\t\t<\/div>\n\t\t\t\t<\/div>\n\t\t\t\t\t<\/div>\n\t\t<\/div>\n\t\t\t\t\t<\/div>\n\t\t<\/section>\n\t\t\t\t<section class=\"elementor-section elementor-top-section elementor-element elementor-element-cf66fa1 elementor-reverse-mobile elementor-section-boxed elementor-section-height-default elementor-section-height-default\" data-id=\"cf66fa1\" data-element_type=\"section\" data-e-type=\"section\" data-settings=\"{&quot;background_background&quot;:&quot;gradient&quot;}\">\n\t\t\t\t\t\t<div class=\"elementor-container elementor-column-gap-default\">\n\t\t\t\t\t<div class=\"elementor-column elementor-col-50 elementor-top-column elementor-element elementor-element-3653c15\" data-id=\"3653c15\" data-element_type=\"column\" data-e-type=\"column\" data-settings=\"{&quot;background_background&quot;:&quot;classic&quot;}\">\n\t\t\t<div class=\"elementor-widget-wrap elementor-element-populated\">\n\t\t\t\t\t\t<div class=\"elementor-element elementor-element-068a2a7 elementor-widget elementor-widget-heading\" data-id=\"068a2a7\" data-element_type=\"widget\" data-e-type=\"widget\" data-widget_type=\"heading.default\">\n\t\t\t\t<div class=\"elementor-widget-container\">\n\t\t\t\t\t<h2 class=\"elementor-heading-title elementor-size-default\">Saun\u0103<\/h2>\t\t\t\t<\/div>\n\t\t\t\t<\/div>\n\t\t\t\t<div class=\"elementor-element elementor-element-854df56 elementor-widget elementor-widget-elementskit-heading\" data-id=\"854df56\" data-element_type=\"widget\" data-e-type=\"widget\" data-widget_type=\"elementskit-heading.default\">\n\t\t\t\t<div class=\"elementor-widget-container\">\n\t\t\t\t\t<div class=\"ekit-wid-con\" ><div class=\"ekit-heading elementskit-section-title-wraper text_left   ekit_heading_tablet-   ekit_heading_mobile-\"><h2 class=\"ekit-heading--title elementskit-section-title\">C\u0103ldur\u0103 Vindec\u0103toare, Lini\u0219te Des\u0103v\u00e2r\u0219it\u0103<\/h2><div class=\"ekit_heading_separetor_wraper ekit_heading_elementskit-border-divider ekit-dotted\"><div class=\"elementskit-border-divider ekit-dotted\"><\/div><\/div>\t\t\t\t<div class='ekit-heading__description'>\n\t\t\t\t\t<p class=\"p1\">Sauna noastr\u0103 este locul ideal pentru purificare \u0219i relaxare profund\u0103. C\u0103ldura uscat\u0103 ajut\u0103 la eliberarea tensiunii, detoxifierea corpului \u0219i calmarea min\u021bii. \u00centr-un spa\u021biu lini\u0219tit, cu design natural, te po\u021bi bucura de beneficiile autentice ale unei sesiuni de saun\u0103. Fie c\u0103 vii dup\u0103 o zi activ\u0103 sau pur \u0219i simplu pentru tine, aici g\u0103se\u0219ti echilibrul. Un ritual simplu, dar esen\u021bial pentru starea ta de bine.<\/p>\n\t\t\t\t<\/div>\n\t\t\t<\/div><\/div>\t\t\t\t<\/div>\n\t\t\t\t<\/div>\n\t\t\t\t\t<\/div>\n\t\t<\/div>\n\t\t\t\t<div class=\"elementor-column elementor-col-50 elementor-top-column elementor-element elementor-element-4b50608\" data-id=\"4b50608\" data-element_type=\"column\" data-e-type=\"column\">\n\t\t\t<div class=\"elementor-widget-wrap elementor-element-populated\">\n\t\t\t\t\t\t<div class=\"elementor-element elementor-element-92772a2 elementor-widget__width-initial elementor-absolute elementor-widget elementor-widget-spacer\" data-id=\"92772a2\" data-element_type=\"widget\" data-e-type=\"widget\" data-settings=\"{&quot;_position&quot;:&quot;absolute&quot;}\" data-widget_type=\"spacer.default\">\n\t\t\t\t<div class=\"elementor-widget-container\">\n\t\t\t\t\t\t\t<div class=\"elementor-spacer\">\n\t\t\t<div class=\"elementor-spacer-inner\"><\/div>\n\t\t<\/div>\n\t\t\t\t\t\t<\/div>\n\t\t\t\t<\/div>\n\t\t\t\t<div class=\"elementor-element elementor-element-0c9269a elementor-widget__width-initial elementor-invisible elementor-widget elementor-widget-image\" data-id=\"0c9269a\" data-element_type=\"widget\" data-e-type=\"widget\" data-settings=\"{&quot;_animation&quot;:&quot;slideInUp&quot;}\" data-widget_type=\"image.default\">\n\t\t\t\t<div class=\"elementor-widget-container\">\n\t\t\t\t\t\t\t\t\t\t\t\t\t\t\t<img loading=\"lazy\" decoding=\"async\" width=\"1707\" height=\"2560\" src=\"https:\/\/dragostebooking.com\/wp-content\/uploads\/2025\/06\/DSC06950-webp-scaled.webp\" class=\"attachment-full size-full wp-image-1412\" alt=\"\" srcset=\"https:\/\/dragostebooking.com\/wp-content\/uploads\/2025\/06\/DSC06950-webp-scaled.webp 1707w, https:\/\/dragostebooking.com\/wp-content\/uploads\/2025\/06\/DSC06950-webp-200x300.webp 200w, https:\/\/dragostebooking.com\/wp-content\/uploads\/2025\/06\/DSC06950-webp-683x1024.webp 683w, https:\/\/dragostebooking.com\/wp-content\/uploads\/2025\/06\/DSC06950-webp-768x1152.webp 768w, https:\/\/dragostebooking.com\/wp-content\/uploads\/2025\/06\/DSC06950-webp-1024x1536.webp 1024w, https:\/\/dragostebooking.com\/wp-content\/uploads\/2025\/06\/DSC06950-webp-1365x2048.webp 1365w, https:\/\/dragostebooking.com\/wp-content\/uploads\/2025\/06\/DSC06950-webp-8x12.webp 8w\" sizes=\"(max-width: 1707px) 100vw, 1707px\" \/>\t\t\t\t\t\t\t\t\t\t\t\t\t\t\t<\/div>\n\t\t\t\t<\/div>\n\t\t\t\t\t<\/div>\n\t\t<\/div>\n\t\t\t\t\t<\/div>\n\t\t<\/section>\n\t\t\t\t<\/div>","protected":false},"excerpt":{"rendered":"<p>Zona SPA DESCOPER\u0102 ZONA SPA\u200b Oaz\u0103 de Relaxare la Cabanele Noastre\u200b Fie c\u0103 vrei o pauz\u0103 de la agita\u021bia ora\u0219ului sau un weekend de lini\u0219te, cabanele noastre te a\u0219teapt\u0103 cu aer curat \u0219i momente de r\u0103sf\u0103\u021b. Am preg\u0103tit pentru tine un cadru intim, unde te po\u021bi bucura de ap\u0103 cald\u0103, priveli\u0219ti lini\u0219titoare \u0219i gust\u0103ri delicioase [&hellip;]<\/p>\n","protected":false},"author":1,"featured_media":0,"parent":0,"menu_order":0,"comment_status":"closed","ping_status":"closed","template":"elementor_header_footer","meta":{"footnotes":""},"class_list":["post-1401","page","type-page","status-publish","hentry"],"_links":{"self":[{"href":"https:\/\/dragostebooking.com\/en\/wp-json\/wp\/v2\/pages\/1401","targetHints":{"allow":["GET"]}}],"collection":[{"href":"https:\/\/dragostebooking.com\/en\/wp-json\/wp\/v2\/pages"}],"about":[{"href":"https:\/\/dragostebooking.com\/en\/wp-json\/wp\/v2\/types\/page"}],"author":[{"embeddable":true,"href":"https:\/\/dragostebooking.com\/en\/wp-json\/wp\/v2\/users\/1"}],"replies":[{"embeddable":true,"href":"https:\/\/dragostebooking.com\/en\/wp-json\/wp\/v2\/comments?post=1401"}],"version-history":[{"count":16,"href":"https:\/\/dragostebooking.com\/en\/wp-json\/wp\/v2\/pages\/1401\/revisions"}],"predecessor-version":[{"id":1428,"href":"https:\/\/dragostebooking.com\/en\/wp-json\/wp\/v2\/pages\/1401\/revisions\/1428"}],"wp:attachment":[{"href":"https:\/\/dragostebooking.com\/en\/wp-json\/wp\/v2\/media?parent=1401"}],"curies":[{"name":"wp","href":"https:\/\/api.w.org\/{rel}","templated":true}]}}