{"id":346,"date":"2025-02-08T18:39:32","date_gmt":"2025-02-08T15:39:32","guid":{"rendered":"https:\/\/dragoste.kaendigital.ro\/?page_id=346"},"modified":"2025-02-18T21:47:42","modified_gmt":"2025-02-18T19:47:42","slug":"despre-noi","status":"publish","type":"page","link":"https:\/\/dragostebooking.com\/en\/despre-noi\/","title":{"rendered":"About us"},"content":{"rendered":"<div data-elementor-type=\"wp-page\" data-elementor-id=\"346\" class=\"elementor elementor-346\" data-elementor-post-type=\"page\">\n\t\t\t\t\t\t<section class=\"elementor-section elementor-top-section elementor-element elementor-element-808b4f0 elementor-section-boxed elementor-section-height-default elementor-section-height-default\" data-id=\"808b4f0\" data-element_type=\"section\" data-e-type=\"section\" data-settings=\"{&quot;background_background&quot;:&quot;classic&quot;}\">\n\t\t\t\t\t\t\t<div class=\"elementor-background-overlay\"><\/div>\n\t\t\t\t\t\t\t<div class=\"elementor-container elementor-column-gap-default\">\n\t\t\t\t\t<div class=\"elementor-column elementor-col-100 elementor-top-column elementor-element elementor-element-21edf33\" data-id=\"21edf33\" data-element_type=\"column\" data-e-type=\"column\">\n\t\t\t<div class=\"elementor-widget-wrap elementor-element-populated\">\n\t\t\t\t\t\t<div class=\"elementor-element elementor-element-5f9437b elementor-widget__width-auto elementor-invisible elementor-widget elementor-widget-heading\" data-id=\"5f9437b\" data-element_type=\"widget\" data-e-type=\"widget\" data-settings=\"{&quot;_animation&quot;:&quot;fadeInLeft&quot;}\" data-widget_type=\"heading.default\">\n\t\t\t\t<div class=\"elementor-widget-container\">\n\t\t\t\t\t<h2 class=\"elementor-heading-title elementor-size-default\">About us<\/h2>\t\t\t\t<\/div>\n\t\t\t\t<\/div>\n\t\t\t\t\t<\/div>\n\t\t<\/div>\n\t\t\t\t\t<\/div>\n\t\t<\/section>\n\t\t\t\t<section class=\"elementor-section elementor-top-section elementor-element elementor-element-55b02d6d elementor-section-boxed elementor-section-height-default elementor-section-height-default\" data-id=\"55b02d6d\" data-element_type=\"section\" data-e-type=\"section\">\n\t\t\t\t\t\t<div class=\"elementor-container elementor-column-gap-default\">\n\t\t\t\t\t<div class=\"elementor-column elementor-col-50 elementor-top-column elementor-element elementor-element-c133153\" data-id=\"c133153\" data-element_type=\"column\" data-e-type=\"column\">\n\t\t\t<div class=\"elementor-widget-wrap elementor-element-populated\">\n\t\t\t\t\t\t<div class=\"elementor-element elementor-element-421dd4c4 elementor-widget__width-initial elementor-absolute elementor-widget-mobile__width-initial elementor-invisible elementor-widget elementor-widget-counter\" data-id=\"421dd4c4\" data-element_type=\"widget\" data-e-type=\"widget\" data-settings=\"{&quot;_position&quot;:&quot;absolute&quot;,&quot;_animation&quot;:&quot;zoomIn&quot;,&quot;_animation_delay&quot;:360}\" data-widget_type=\"counter.default\">\n\t\t\t\t<div class=\"elementor-widget-container\">\n\t\t\t\t\t\t\t<div class=\"elementor-counter\">\n\t\t\t<div class=\"elementor-counter-title\">Years of Experience<\/div>\t\t\t<div class=\"elementor-counter-number-wrapper\">\n\t\t\t\t<span class=\"elementor-counter-number-prefix\"><\/span>\n\t\t\t\t<span class=\"elementor-counter-number\" data-duration=\"2000\" data-to-value=\"30\" data-from-value=\"0\" data-delimiter=\",\">0<\/span>\n\t\t\t\t<span class=\"elementor-counter-number-suffix\">+<\/span>\n\t\t\t<\/div>\n\t\t<\/div>\n\t\t\t\t\t\t<\/div>\n\t\t\t\t<\/div>\n\t\t\t\t<div class=\"elementor-element elementor-element-ade7b1d elementor-invisible elementor-widget elementor-widget-image\" data-id=\"ade7b1d\" data-element_type=\"widget\" data-e-type=\"widget\" data-settings=\"{&quot;_animation&quot;:&quot;fadeInUp&quot;}\" data-widget_type=\"image.default\">\n\t\t\t\t<div class=\"elementor-widget-container\">\n\t\t\t\t\t\t\t\t\t\t\t\t\t\t\t<img fetchpriority=\"high\" decoding=\"async\" width=\"1368\" height=\"1824\" src=\"https:\/\/dragostebooking.com\/wp-content\/uploads\/2025\/02\/double1-nico-768x512-1.jpeg\" class=\"attachment-full size-full wp-image-348\" alt=\"\" srcset=\"https:\/\/dragostebooking.com\/wp-content\/uploads\/2025\/02\/double1-nico-768x512-1.jpeg 1368w, https:\/\/dragostebooking.com\/wp-content\/uploads\/2025\/02\/double1-nico-768x512-1-225x300.jpeg 225w, https:\/\/dragostebooking.com\/wp-content\/uploads\/2025\/02\/double1-nico-768x512-1-768x1024.jpeg 768w, https:\/\/dragostebooking.com\/wp-content\/uploads\/2025\/02\/double1-nico-768x512-1-1152x1536.jpeg 1152w\" sizes=\"(max-width: 1368px) 100vw, 1368px\" \/>\t\t\t\t\t\t\t\t\t\t\t\t\t\t\t<\/div>\n\t\t\t\t<\/div>\n\t\t\t\t\t<\/div>\n\t\t<\/div>\n\t\t\t\t<div class=\"elementor-column elementor-col-50 elementor-top-column elementor-element elementor-element-fe3d831\" data-id=\"fe3d831\" data-element_type=\"column\" data-e-type=\"column\">\n\t\t\t<div class=\"elementor-widget-wrap elementor-element-populated\">\n\t\t\t\t\t\t<div class=\"elementor-element elementor-element-5a1cfbe5 elementor-widget elementor-widget-heading\" data-id=\"5a1cfbe5\" data-element_type=\"widget\" data-e-type=\"widget\" data-widget_type=\"heading.default\">\n\t\t\t\t<div class=\"elementor-widget-container\">\n\t\t\t\t\t<h2 class=\"elementor-heading-title elementor-size-default\">Our Story<\/h2>\t\t\t\t<\/div>\n\t\t\t\t<\/div>\n\t\t\t\t<div class=\"elementor-element elementor-element-3432af2f elementor-widget elementor-widget-heading\" data-id=\"3432af2f\" data-element_type=\"widget\" data-e-type=\"widget\" data-widget_type=\"heading.default\">\n\t\t\t\t<div class=\"elementor-widget-container\">\n\t\t\t\t\t<h2 class=\"elementor-heading-title elementor-size-default\">Let&#039;s get to know each other!<\/h2>\t\t\t\t<\/div>\n\t\t\t\t<\/div>\n\t\t\t\t<div class=\"elementor-element elementor-element-4987dd9d elementor-widget elementor-widget-text-editor\" data-id=\"4987dd9d\" data-element_type=\"widget\" data-e-type=\"widget\" data-widget_type=\"text-editor.default\">\n\t\t\t\t<div class=\"elementor-widget-container\">\n\t\t\t\t\t\t\t\t\t<p class=\"p1\">We are Nicoleta, Adi and our son Raul. Our story begins in the village of Some\u0219ul Cald, a place full of natural beauty and unforgettable memories. We grew up with healthy food and cherished traditions, and now we want to share this gift of nature with you.<\/p>\t\t\t\t\t\t\t\t<\/div>\n\t\t\t\t<\/div>\n\t\t\t\t<section class=\"elementor-section elementor-inner-section elementor-element elementor-element-6c0f1742 elementor-section-boxed elementor-section-height-default elementor-section-height-default\" data-id=\"6c0f1742\" data-element_type=\"section\" data-e-type=\"section\">\n\t\t\t\t\t\t<div class=\"elementor-container elementor-column-gap-default\">\n\t\t\t\t\t<div class=\"elementor-column elementor-col-50 elementor-inner-column elementor-element elementor-element-3751bd18\" data-id=\"3751bd18\" data-element_type=\"column\" data-e-type=\"column\">\n\t\t\t<div class=\"elementor-widget-wrap elementor-element-populated\">\n\t\t\t\t\t\t<div class=\"elementor-element elementor-element-cc4293d elementor-widget elementor-widget-text-editor\" data-id=\"cc4293d\" data-element_type=\"widget\" data-e-type=\"widget\" data-widget_type=\"text-editor.default\">\n\t\t\t\t<div class=\"elementor-widget-container\">\n\t\t\t\t\t\t\t\t\t<p class=\"p1\">We chose to grow vegetables and fruits in our family garden, and DragosteBooking is the place where we invite you to discover the authentic taste of childhood and enjoy the peace and beauty of this corner of heaven. We want to share with you everything that DragosteBooking means, and if you have any questions or want to get to know us better, we look forward to your contact!<\/p>\t\t\t\t\t\t\t\t<\/div>\n\t\t\t\t<\/div>\n\t\t\t\t<div class=\"elementor-element elementor-element-606d992e elementor-widget elementor-widget-button\" data-id=\"606d992e\" data-element_type=\"widget\" data-e-type=\"widget\" data-widget_type=\"button.default\">\n\t\t\t\t<div class=\"elementor-widget-container\">\n\t\t\t\t\t\t\t\t\t<div class=\"elementor-button-wrapper\">\n\t\t\t\t\t<a class=\"elementor-button elementor-button-link elementor-size-sm\" href=\"https:\/\/dragostebooking.com\/en\/contact\/\">\n\t\t\t\t\t\t<span class=\"elementor-button-content-wrapper\">\n\t\t\t\t\t\t\t\t\t<span class=\"elementor-button-text\">Contact<\/span>\n\t\t\t\t\t<\/span>\n\t\t\t\t\t<\/a>\n\t\t\t\t<\/div>\n\t\t\t\t\t\t\t\t<\/div>\n\t\t\t\t<\/div>\n\t\t\t\t\t<\/div>\n\t\t<\/div>\n\t\t\t\t<div class=\"elementor-column elementor-col-50 elementor-inner-column elementor-element elementor-element-6ce5395b\" data-id=\"6ce5395b\" data-element_type=\"column\" data-e-type=\"column\">\n\t\t\t<div class=\"elementor-widget-wrap elementor-element-populated\">\n\t\t\t\t\t\t<div class=\"elementor-element elementor-element-5957ee4d elementor-invisible elementor-widget elementor-widget-image\" data-id=\"5957ee4d\" data-element_type=\"widget\" data-e-type=\"widget\" data-settings=\"{&quot;_animation&quot;:&quot;fadeInRight&quot;}\" data-widget_type=\"image.default\">\n\t\t\t\t<div class=\"elementor-widget-container\">\n\t\t\t\t\t\t\t\t\t\t\t\t\t\t\t<img decoding=\"async\" width=\"768\" height=\"768\" src=\"https:\/\/dragostebooking.com\/wp-content\/uploads\/2025\/02\/familia-dragoste1-1536x1536-1.jpeg\" class=\"attachment-full size-full wp-image-352\" alt=\"\" srcset=\"https:\/\/dragostebooking.com\/wp-content\/uploads\/2025\/02\/familia-dragoste1-1536x1536-1.jpeg 768w, https:\/\/dragostebooking.com\/wp-content\/uploads\/2025\/02\/familia-dragoste1-1536x1536-1-300x300.jpeg 300w, https:\/\/dragostebooking.com\/wp-content\/uploads\/2025\/02\/familia-dragoste1-1536x1536-1-150x150.jpeg 150w\" sizes=\"(max-width: 768px) 100vw, 768px\" \/>\t\t\t\t\t\t\t\t\t\t\t\t\t\t\t<\/div>\n\t\t\t\t<\/div>\n\t\t\t\t\t<\/div>\n\t\t<\/div>\n\t\t\t\t\t<\/div>\n\t\t<\/section>\n\t\t\t\t\t<\/div>\n\t\t<\/div>\n\t\t\t\t\t<\/div>\n\t\t<\/section>\n\t\t\t\t<section class=\"elementor-section elementor-top-section elementor-element elementor-element-4f2761ff elementor-reverse-mobile elementor-section-boxed elementor-section-height-default elementor-section-height-default\" data-id=\"4f2761ff\" data-element_type=\"section\" data-e-type=\"section\" data-settings=\"{&quot;background_background&quot;:&quot;gradient&quot;}\">\n\t\t\t\t\t\t<div class=\"elementor-container elementor-column-gap-default\">\n\t\t\t\t\t<div class=\"elementor-column elementor-col-50 elementor-top-column elementor-element elementor-element-2269044f\" data-id=\"2269044f\" data-element_type=\"column\" data-e-type=\"column\">\n\t\t\t<div class=\"elementor-widget-wrap elementor-element-populated\">\n\t\t\t\t\t\t<div class=\"elementor-element elementor-element-63e2d643 elementor-widget__width-initial elementor-absolute elementor-widget elementor-widget-spacer\" data-id=\"63e2d643\" data-element_type=\"widget\" data-e-type=\"widget\" data-settings=\"{&quot;_position&quot;:&quot;absolute&quot;}\" data-widget_type=\"spacer.default\">\n\t\t\t\t<div class=\"elementor-widget-container\">\n\t\t\t\t\t\t\t<div class=\"elementor-spacer\">\n\t\t\t<div class=\"elementor-spacer-inner\"><\/div>\n\t\t<\/div>\n\t\t\t\t\t\t<\/div>\n\t\t\t\t<\/div>\n\t\t\t\t<div class=\"elementor-element elementor-element-67df46de elementor-widget__width-initial elementor-invisible elementor-widget elementor-widget-image\" data-id=\"67df46de\" data-element_type=\"widget\" data-e-type=\"widget\" data-settings=\"{&quot;_animation&quot;:&quot;slideInUp&quot;}\" data-widget_type=\"image.default\">\n\t\t\t\t<div class=\"elementor-widget-container\">\n\t\t\t\t\t\t\t\t\t\t\t\t\t\t\t<img decoding=\"async\" width=\"940\" height=\"788\" src=\"https:\/\/dragostebooking.com\/wp-content\/uploads\/2025\/02\/455117005_978540670736027_5814932438379438207_n.jpg\" class=\"attachment-full size-full wp-image-363\" alt=\"\" srcset=\"https:\/\/dragostebooking.com\/wp-content\/uploads\/2025\/02\/455117005_978540670736027_5814932438379438207_n.jpg 940w, https:\/\/dragostebooking.com\/wp-content\/uploads\/2025\/02\/455117005_978540670736027_5814932438379438207_n-300x251.jpg 300w, https:\/\/dragostebooking.com\/wp-content\/uploads\/2025\/02\/455117005_978540670736027_5814932438379438207_n-768x644.jpg 768w\" sizes=\"(max-width: 940px) 100vw, 940px\" \/>\t\t\t\t\t\t\t\t\t\t\t\t\t\t\t<\/div>\n\t\t\t\t<\/div>\n\t\t\t\t\t<\/div>\n\t\t<\/div>\n\t\t\t\t<div class=\"elementor-column elementor-col-50 elementor-top-column elementor-element elementor-element-1a9e42eb\" data-id=\"1a9e42eb\" data-element_type=\"column\" data-e-type=\"column\" data-settings=\"{&quot;background_background&quot;:&quot;classic&quot;}\">\n\t\t\t<div class=\"elementor-widget-wrap elementor-element-populated\">\n\t\t\t\t\t\t<div class=\"elementor-element elementor-element-3793f244 elementor-widget elementor-widget-heading\" data-id=\"3793f244\" data-element_type=\"widget\" data-e-type=\"widget\" data-widget_type=\"heading.default\">\n\t\t\t\t<div class=\"elementor-widget-container\">\n\t\t\t\t\t<h2 class=\"elementor-heading-title elementor-size-default\">Casa Nico<\/h2>\t\t\t\t<\/div>\n\t\t\t\t<\/div>\n\t\t\t\t<div class=\"elementor-element elementor-element-5e63520c elementor-widget elementor-widget-elementskit-heading\" data-id=\"5e63520c\" data-element_type=\"widget\" data-e-type=\"widget\" data-widget_type=\"elementskit-heading.default\">\n\t\t\t\t<div class=\"elementor-widget-container\">\n\t\t\t\t\t<div class=\"ekit-wid-con\" ><div class=\"ekit-heading elementskit-section-title-wraper text_left   ekit_heading_tablet-   ekit_heading_mobile-\"><h2 class=\"ekit-heading--title elementskit-section-title\">A Dream Fulfilled with Love<\/h2><div class=\"ekit_heading_separetor_wraper ekit_heading_elementskit-border-divider ekit-dotted\"><div class=\"elementskit-border-divider ekit-dotted\"><\/div><\/div>\t\t\t\t<div class='ekit-heading__description'>\n\t\t\t\t\t<p class=\"p1\">We built a cottage in nature to find peace of mind and a connection with the environment, away from the hustle and bustle of the city. Over time, friends and relatives who visited us began to encourage us to share this wonderful place with others. So, together with my family, we decided to rent the cottage to tourists. Even though it wasn&#039;t easy, we persevered and, with God&#039;s help, we overcame the obstacles. Already having the experience and the positive impact on visitors, we obtained European funding to expand.<\/p>\n\t\t\t\t<\/div>\n\t\t\t<\/div><\/div>\t\t\t\t<\/div>\n\t\t\t\t<\/div>\n\t\t\t\t<div class=\"elementor-element elementor-element-aeb05ba elementor-widget elementor-widget-button\" data-id=\"aeb05ba\" data-element_type=\"widget\" data-e-type=\"widget\" data-widget_type=\"button.default\">\n\t\t\t\t<div class=\"elementor-widget-container\">\n\t\t\t\t\t\t\t\t\t<div class=\"elementor-button-wrapper\">\n\t\t\t\t\t<a class=\"elementor-button elementor-button-link elementor-size-sm\" href=\"https:\/\/dragostebooking.com\/en\/nico\/\">\n\t\t\t\t\t\t<span class=\"elementor-button-content-wrapper\">\n\t\t\t\t\t\t\t\t\t<span class=\"elementor-button-text\">Details<\/span>\n\t\t\t\t\t<\/span>\n\t\t\t\t\t<\/a>\n\t\t\t\t<\/div>\n\t\t\t\t\t\t\t\t<\/div>\n\t\t\t\t<\/div>\n\t\t\t\t\t<\/div>\n\t\t<\/div>\n\t\t\t\t\t<\/div>\n\t\t<\/section>\n\t\t\t\t<section class=\"elementor-section elementor-top-section elementor-element elementor-element-6ba3a12 elementor-section-boxed elementor-section-height-default elementor-section-height-default\" data-id=\"6ba3a12\" data-element_type=\"section\" data-e-type=\"section\" data-settings=\"{&quot;background_background&quot;:&quot;gradient&quot;}\">\n\t\t\t\t\t\t<div class=\"elementor-container elementor-column-gap-default\">\n\t\t\t\t\t<div class=\"elementor-column elementor-col-50 elementor-top-column elementor-element elementor-element-1d98790\" data-id=\"1d98790\" data-element_type=\"column\" data-e-type=\"column\" data-settings=\"{&quot;background_background&quot;:&quot;classic&quot;}\">\n\t\t\t<div class=\"elementor-widget-wrap elementor-element-populated\">\n\t\t\t\t\t\t<div class=\"elementor-element elementor-element-5ff1055 elementor-widget elementor-widget-heading\" data-id=\"5ff1055\" data-element_type=\"widget\" data-e-type=\"widget\" data-widget_type=\"heading.default\">\n\t\t\t\t<div class=\"elementor-widget-container\">\n\t\t\t\t\t<h2 class=\"elementor-heading-title elementor-size-default\">Casa Dragoste<\/h2>\t\t\t\t<\/div>\n\t\t\t\t<\/div>\n\t\t\t\t<div class=\"elementor-element elementor-element-451ef60 elementor-widget elementor-widget-elementskit-heading\" data-id=\"451ef60\" data-element_type=\"widget\" data-e-type=\"widget\" data-widget_type=\"elementskit-heading.default\">\n\t\t\t\t<div class=\"elementor-widget-container\">\n\t\t\t\t\t<div class=\"ekit-wid-con\" ><div class=\"ekit-heading elementskit-section-title-wraper text_left   ekit_heading_tablet-   ekit_heading_mobile-\"><h2 class=\"ekit-heading--title elementskit-section-title\">A Project Awaited for a Lifetime<\/h2><div class=\"ekit_heading_separetor_wraper ekit_heading_elementskit-border-divider ekit-dotted\"><div class=\"elementskit-border-divider ekit-dotted\"><\/div><\/div>\t\t\t\t<div class='ekit-heading__description'>\n\t\t\t\t\t<p class=\"p1\">After many trials and obstacles, we finally managed to obtain European funding for our project. Even in the face of the pandemic that affected the entire industry and the increase in construction costs, we continued to believe in our dream. With much perseverance and the support of our loved ones, we managed to complete the project and officially inaugurate the second cottage in the DragosteBooking complex, called &quot;Casa Dragoste&quot;. Now, with a modern and welcoming cottage, in the middle of nature, we are ready to offer you a special place for relaxation and rest. We look forward to welcoming guests and sharing this corner of heaven with you.<\/p>\n\t\t\t\t<\/div>\n\t\t\t<\/div><\/div>\t\t\t\t<\/div>\n\t\t\t\t<\/div>\n\t\t\t\t<div class=\"elementor-element elementor-element-2c7a3c6 elementor-widget elementor-widget-button\" data-id=\"2c7a3c6\" data-element_type=\"widget\" data-e-type=\"widget\" data-widget_type=\"button.default\">\n\t\t\t\t<div class=\"elementor-widget-container\">\n\t\t\t\t\t\t\t\t\t<div class=\"elementor-button-wrapper\">\n\t\t\t\t\t<a class=\"elementor-button elementor-button-link elementor-size-sm\" href=\"https:\/\/dragostebooking.com\/en\/dragoste\/\">\n\t\t\t\t\t\t<span class=\"elementor-button-content-wrapper\">\n\t\t\t\t\t\t\t\t\t<span class=\"elementor-button-text\">Details<\/span>\n\t\t\t\t\t<\/span>\n\t\t\t\t\t<\/a>\n\t\t\t\t<\/div>\n\t\t\t\t\t\t\t\t<\/div>\n\t\t\t\t<\/div>\n\t\t\t\t\t<\/div>\n\t\t<\/div>\n\t\t\t\t<div class=\"elementor-column elementor-col-50 elementor-top-column elementor-element elementor-element-b040edb\" data-id=\"b040edb\" data-element_type=\"column\" data-e-type=\"column\">\n\t\t\t<div class=\"elementor-widget-wrap elementor-element-populated\">\n\t\t\t\t\t\t<div class=\"elementor-element elementor-element-73ab275 elementor-widget__width-initial elementor-absolute elementor-widget elementor-widget-spacer\" data-id=\"73ab275\" data-element_type=\"widget\" data-e-type=\"widget\" data-settings=\"{&quot;_position&quot;:&quot;absolute&quot;}\" data-widget_type=\"spacer.default\">\n\t\t\t\t<div class=\"elementor-widget-container\">\n\t\t\t\t\t\t\t<div class=\"elementor-spacer\">\n\t\t\t<div class=\"elementor-spacer-inner\"><\/div>\n\t\t<\/div>\n\t\t\t\t\t\t<\/div>\n\t\t\t\t<\/div>\n\t\t\t\t<div class=\"elementor-element elementor-element-eb5b7e5 elementor-widget__width-initial elementor-invisible elementor-widget elementor-widget-image\" data-id=\"eb5b7e5\" data-element_type=\"widget\" data-e-type=\"widget\" data-settings=\"{&quot;_animation&quot;:&quot;slideInUp&quot;}\" data-widget_type=\"image.default\">\n\t\t\t\t<div class=\"elementor-widget-container\">\n\t\t\t\t\t\t\t\t\t\t\t\t\t\t\t<img loading=\"lazy\" decoding=\"async\" width=\"768\" height=\"513\" src=\"https:\/\/dragostebooking.com\/wp-content\/uploads\/2025\/02\/casa-dragoste-768x513-1.jpeg\" class=\"attachment-full size-full wp-image-144\" alt=\"\" srcset=\"https:\/\/dragostebooking.com\/wp-content\/uploads\/2025\/02\/casa-dragoste-768x513-1.jpeg 768w, https:\/\/dragostebooking.com\/wp-content\/uploads\/2025\/02\/casa-dragoste-768x513-1-300x200.jpeg 300w\" sizes=\"(max-width: 768px) 100vw, 768px\" \/>\t\t\t\t\t\t\t\t\t\t\t\t\t\t\t<\/div>\n\t\t\t\t<\/div>\n\t\t\t\t\t<\/div>\n\t\t<\/div>\n\t\t\t\t\t<\/div>\n\t\t<\/section>\n\t\t\t\t<\/div>","protected":false},"excerpt":{"rendered":"<p>Despre noi Ani de Experien\u021b\u0103 0 + Povestea Noastr\u0103 Hai s\u0103 ne cunoa\u0219tem! Suntem Nicoleta, Adi \u0219i fiul nostru Raul. Povestea noastr\u0103 \u00eencepe \u00een satul Some\u0219ul Cald, un loc plin de frumuse\u021be natural\u0103 \u0219i amintiri de neuitat. Am crescut cu hran\u0103 s\u0103n\u0103toas\u0103 \u0219i tradi\u021bii pre\u021buite, iar acum vrem s\u0103 \u00eemp\u0103rt\u0103\u0219im acest dar al naturii cu [&hellip;]<\/p>\n","protected":false},"author":1,"featured_media":0,"parent":0,"menu_order":0,"comment_status":"closed","ping_status":"closed","template":"elementor_header_footer","meta":{"footnotes":""},"class_list":["post-346","page","type-page","status-publish","hentry"],"_links":{"self":[{"href":"https:\/\/dragostebooking.com\/en\/wp-json\/wp\/v2\/pages\/346","targetHints":{"allow":["GET"]}}],"collection":[{"href":"https:\/\/dragostebooking.com\/en\/wp-json\/wp\/v2\/pages"}],"about":[{"href":"https:\/\/dragostebooking.com\/en\/wp-json\/wp\/v2\/types\/page"}],"author":[{"embeddable":true,"href":"https:\/\/dragostebooking.com\/en\/wp-json\/wp\/v2\/users\/1"}],"replies":[{"embeddable":true,"href":"https:\/\/dragostebooking.com\/en\/wp-json\/wp\/v2\/comments?post=346"}],"version-history":[{"count":46,"href":"https:\/\/dragostebooking.com\/en\/wp-json\/wp\/v2\/pages\/346\/revisions"}],"predecessor-version":[{"id":1102,"href":"https:\/\/dragostebooking.com\/en\/wp-json\/wp\/v2\/pages\/346\/revisions\/1102"}],"wp:attachment":[{"href":"https:\/\/dragostebooking.com\/en\/wp-json\/wp\/v2\/media?parent=346"}],"curies":[{"name":"wp","href":"https:\/\/api.w.org\/{rel}","templated":true}]}}